{"id":2893,"date":"2015-11-27T22:35:25","date_gmt":"2015-11-27T22:35:25","guid":{"rendered":"http:\/\/475.649.myftpupload.com\/es\/?page_id=2893"},"modified":"2015-12-01T14:30:51","modified_gmt":"2015-12-01T14:30:51","slug":"sesiones-paralelas-4","status":"publish","type":"page","link":"https:\/\/ciieanteriores.mx\/2023\/es\/sesiones-paralelas-4\/","title":{"rendered":"Sesiones Paralelas 4"},"content":{"rendered":"<p>[vc_row full_width=&#8221;&#8221; section_id=&#8221;&#8221; container=&#8221;1&#8243; parallax_bg=&#8221;0&#8243; stellar_background_ratio=&#8221;0.6&#8243;][vc_column width=&#8221;1\/1&#8243;][vc_column_text]<\/p>\n<p><!--more--><\/p>\n<div class=\"col-md-10\">\n<ul id=\"tabs\" class=\"nav nav-tabs\" data-tabs=\"tabs\">\n<li class=\"active\"><a class=\"btn btn-danger btn-lg\" href=\"#red\" data-toggle=\"tab\"><strong>Tendencias<\/strong><\/a><\/li>\n<li><a class=\"btn btn-danger btn-lg\" href=\"#orange\" data-toggle=\"tab\"><strong>Tecnolog\u00edas<\/strong><\/a><\/li>\n<li><a class=\"btn btn-danger btn-lg\" href=\"#yellow\" data-toggle=\"tab\"><strong>Gesti\u00f3n<\/strong><\/a><\/li>\n<li><a class=\"btn btn-danger btn-lg\" href=\"#green\" data-toggle=\"tab\"><strong>Salud<\/strong><\/a><\/li>\n<\/ul>\n<div id=\"my-tab-content\" class=\"tab-content\">\n<div id=\"red\" class=\"tab-pane active\">\n<h3><strong>Tendencias Educativas<\/strong><\/h3>\n<table class=\"table table-bordered table-hover\" width=\"30%\" cellspacing=\"9\" cellpadding=\"9\">\n<tbody>\n<tr>\n<td align=\"center\" width=\"5%\"><strong>Hora<\/strong><\/td>\n<td width=\"40%\"><strong>T\u00edtulo<\/strong><\/td>\n<td width=\"25%\"><strong>Ponentes<\/strong><\/td>\n<td width=\"25%\"><strong>Instituci\u00f3n<\/strong><\/td>\n<td width=\"10%\"><strong>Sal\u00f3n<\/strong><\/td>\n<\/tr>\n<tr>\n<td width=\"60\" valign=\"top\"><strong>10:00<\/strong><\/td>\n<td width=\"217\" valign=\"top\">Laboratorio de    conceptos del C\u00e1lculo<\/td>\n<td width=\"262\" valign=\"top\">Rub\u00e9n    Dar\u00edo Santiago Acosta<br \/>\n        Mar\u00eda de Lourdes Quezada Batalla<\/td>\n<td width=\"230\" valign=\"top\">&nbsp;<\/td>\n<td width=\"10%\" valign=\"top\">3301<\/td>\n<\/tr>\n<tr>\n<td valign=\"top\"><strong>10:15<\/strong><\/td>\n<td width=\"217\" valign=\"top\">Experiencias    retadoras en el proceso de ense\u00f1anza- aprendizaje en la carrera de Ingenier\u00eda    Mecatr\u00f3nica<\/td>\n<td width=\"262\" valign=\"top\">Ana Isabel Gonz\u00e1lez Santos<br \/>\n        Cecilia Eugenia Valdez<\/td>\n<td width=\"230\" valign=\"top\">Chihuahua ITESM<\/td>\n<td width=\"10%\" valign=\"top\">3301<\/td>\n<\/tr>\n<tr>\n<td valign=\"top\"><strong>10:30<\/strong><\/td>\n<td width=\"217\" valign=\"top\">Experiencia    Retadora de Aprendizaje: Mural del Museo Amparo<\/td>\n<td width=\"262\" valign=\"top\">Claudia Ver\u00f3nica P\u00e9rez Lezama<br \/>\n        Gabriela Guadalupe Reyes Z\u00e1rate<\/td>\n<td width=\"230\" valign=\"top\">Tecnol\u00f3gico    de Monterrey, M\u00e9xico<\/td>\n<td width=\"10%\" valign=\"top\">3301<\/td>\n<\/tr>\n<tr>\n<td valign=\"top\"><strong>10:00<\/strong><\/td>\n<td width=\"217\" valign=\"top\">Hay    sonido en todo para quien sabe escuchar<\/td>\n<td width=\"262\" valign=\"top\">Diego Iv\u00e1n Quiroz Orozco<\/td>\n<td width=\"230\" valign=\"top\">Tecnol\u00f3gico    de Monterrey, M\u00e9xico<\/td>\n<td width=\"10%\" valign=\"top\">3302<\/td>\n<\/tr>\n<tr>\n<td valign=\"top\"><strong>10:15<\/strong><\/td>\n<td width=\"217\" valign=\"top\">Aprendizaje    basado en pel\u00edculas. La pel\u00edcula como recurso did\u00e1ctico: avances.<\/td>\n<td width=\"262\" valign=\"top\">Ruth Esther \u00c1ngel Torres<br \/>\n        Cristina Cervantes<br \/>\n        Margarita Fern\u00e1ndez<br \/>\n        Gerardo Gonz\u00e1lez Lara<br \/>\n        Colette Pawlonka<br \/>\n        Ma. Guadalupe Torres Garza<\/td>\n<td width=\"230\" valign=\"top\">Tecnol\u00f3gico    de Monterrey, M\u00e9xico<\/td>\n<td width=\"10%\" valign=\"top\">3302<\/td>\n<\/tr>\n<tr>\n<td valign=\"top\"><strong>10:30<\/strong><\/td>\n<td width=\"217\" valign=\"top\">Aprendizaje    basado en pel\u00edculas. Funci\u00f3n did\u00e1ctica de las pel\u00edculas y otros medios    audiovisuales en \u00e1rea de Humanidades &#8211;<br \/>\n        Curso Arte y Cultura Contempor\u00e1nea<\/td>\n<td width=\"262\" valign=\"top\">Gerardo Salvador Gonz\u00e1lez Lara<\/td>\n<td width=\"230\" valign=\"top\">Tecnol\u00f3gico    de Monterrey, M\u00e9xico<\/td>\n<td width=\"10%\" valign=\"top\">3302<\/td>\n<\/tr>\n<tr>\n<td valign=\"top\"><strong>10:00<\/strong><\/td>\n<td width=\"217\" valign=\"top\">Implementaci\u00f3n    del aula invertida en un curso introductorio de F\u00edsica para ingenieros:    impresiones y<\/td>\n<td width=\"262\" valign=\"top\">Gonzalo Recio S\u00e1nchez; Jos\u00e9 Luis Barahona<\/td>\n<td width=\"230\" valign=\"top\">Universidad    Cat\u00f3lica de Temuco, Chile<\/td>\n<td valign=\"top\">3303<\/td>\n<\/tr>\n<tr>\n<td valign=\"top\"><strong>10:15<\/strong><\/td>\n<td width=\"217\" valign=\"top\">Arte    en Movimiento: Proyecto Interdisciplinario en Bachillerato<\/td>\n<td width=\"262\" valign=\"top\">Rodrigo Ponce D\u00edaz<br \/>\n        Araceli Ruiz Elizondo<br \/>\n        Griselda Deyanira Pinales Rodr\u00ecguez<\/td>\n<td width=\"230\" valign=\"top\">Tecnol\u00f3gico de Monterrey, M\u00e9xico<\/td>\n<td valign=\"top\">3303<\/td>\n<\/tr>\n<tr>\n<td valign=\"top\"><strong>10:30<\/strong><\/td>\n<td width=\"217\" valign=\"top\">Evaluaci\u00f3n    de Competencias de F\u00edsica en Bachillerato en Base a Test Estandarizado<\/td>\n<td width=\"262\" valign=\"top\">Rodrigo Ponce-D\u00edaz <br \/>\n        Araceli Ruiz Elizondo<\/td>\n<td width=\"230\" valign=\"top\">Tecnol\u00f3gico de Monterrey, M\u00e9xico<\/td>\n<td valign=\"top\">3303<\/td>\n<\/tr>\n<tr>\n<td valign=\"top\"><strong>10:00<\/strong><\/td>\n<td width=\"217\" valign=\"top\">Dise\u00f1o    instruccional b-learning para el soporte de la autonom\u00eda<\/td>\n<td width=\"262\" valign=\"top\">Hugo David Vallejo Acu\u00f1a<br \/>\n        Ver\u00f3nica Salinas Urbina<br \/>\n        Leonardo David Glasserman Morales<\/td>\n<td width=\"230\" valign=\"top\">Tecnol\u00f3gico de Monterrey, Colombia<\/td>\n<td valign=\"top\">3304<\/td>\n<\/tr>\n<tr>\n<td valign=\"top\"><strong>10:15<\/strong><\/td>\n<td width=\"217\" valign=\"top\">Portafolios    digitales para favorecer la ense\u00f1anza de la Historia<\/td>\n<td width=\"262\" valign=\"top\">Luz Cristina Rodr\u00edguez P\u00e9rez <br \/>\n        Susana Montiel Bautista<br \/>\n        Mar\u00eda Soledad Ram\u00edrez Montoya<\/td>\n<td width=\"230\" valign=\"top\">Tecnol\u00f3gico de Monterrey, M\u00e9xico<\/td>\n<td valign=\"top\">3304<\/td>\n<\/tr>\n<tr>\n<td valign=\"top\"><strong>10:30<\/strong><\/td>\n<td width=\"217\" valign=\"top\">Uso    de Blackboard Collaborate para simular un examen presencial con alumnos a    distancia<\/td>\n<td width=\"262\" valign=\"top\">Diana Lissette Zavala Moreno<br \/>\n        M\u00f3nica del Rosario Vargas Salazar<\/td>\n<td width=\"230\" valign=\"top\">Tecnol\u00f3gico de Monterrey, M\u00e9xico<\/td>\n<td valign=\"top\">3304<\/td>\n<\/tr>\n<\/tbody>\n<\/table>\n<\/div>\n<div id=\"orange\" class=\"tab-pane\">\n<h3><strong>Tecnolog\u00edas para la Educaci\u00f3n<\/strong><\/h3>\n<table class=\"table table-bordered table-hover\" width=\"30%\" cellspacing=\"9\" cellpadding=\"9\">\n<tbody>\n<tr>\n<td align=\"center\" width=\"5%\"><strong>Hora<\/strong><\/td>\n<td width=\"40%\"><strong>T\u00edtulo<\/strong><\/td>\n<td width=\"25%\"><strong>Ponentes<\/strong><\/td>\n<td width=\"25%\"><strong>Instituci\u00f3n<\/strong><\/td>\n<td width=\"10%\"><strong>Sal\u00f3n<\/strong><\/td>\n<\/tr>\n<tr>\n<td width=\"5%\" valign=\"top\"><strong>10:00<\/strong><\/td>\n<td width=\"40%\" valign=\"top\">Experiencias de ciencias cognitivas aplicadas a procesos adaptativos, una    nueva visi\u00f3n para el aprendizaje personalizado<\/td>\n<td width=\"472\" valign=\"top\">Omar    Olmos L\u00f3pez<\/td>\n<td width=\"101\" valign=\"top\">Tecnol\u00f3gico    de Monterrey, Campus Toluca<\/td>\n<td width=\"101\" align=\"right\" valign=\"top\">3105<\/td>\n<\/tr>\n<tr>\n<td valign=\"top\"><strong>10:00<\/strong><\/td>\n<td width=\"40%\" valign=\"top\">Competencias digitales en el marco del programa Mi Compu.Mx: Estudio piloto    en Colima, Sonora y Tabasco<\/td>\n<td width=\"472\" valign=\"top\">Mar\u00eda Soledad Ram\u00edrez Montoya, Nohemi Rivera V\u00e1zquez, Diana    Cristina D\u00edaz de Le\u00f3n Barrios, Monserrat Rodr\u00edguez Cuevas, Wendy S\u00e1nchez    S\u00e1nchez<\/td>\n<td width=\"101\" valign=\"top\">Tecnol\u00f3gico de Monterrey, Campus Monterrey; Benem\u00e9rita y    Centenaria Escuela Normal de Jalisco, Universidad Veracruzana, Universidad    Aut\u00f3noma de Tlaxcala<\/td>\n<td width=\"101\" align=\"right\" valign=\"top\">3106<\/td>\n<\/tr>\n<tr>\n<td valign=\"top\"><strong>10:15<\/strong><\/td>\n<td width=\"40%\" valign=\"top\">La apropiaci\u00f3n de las tecnolog\u00edas de la informaci\u00f3n y comunicaci\u00f3n a trav\u00e9s    del aprendizaje m\u00f3vil<\/td>\n<td width=\"472\" valign=\"top\">Georgina Villanueva Espinosa<\/td>\n<td width=\"101\" valign=\"top\">Tecnol\u00f3gico de Monterrey, Campus Ciudad de M\u00e9xico<\/td>\n<td width=\"101\" align=\"right\" valign=\"top\">3105<\/td>\n<\/tr>\n<tr>\n<td valign=\"top\"><strong>10:15<\/strong><\/td>\n<td width=\"40%\" valign=\"top\">Proyecto Traful: Desarrollo Material Educativo para Asignaturas con    Rendimiento Cr\u00edtico de la Utem<\/td>\n<td width=\"472\" valign=\"top\">Miguel Sanhueza Olave, Patricio Iriarte Palma, Ma. Eugenia    Z\u00fa\u00f1iga Gonz\u00e1lez<\/td>\n<td width=\"101\" valign=\"top\">Universidad Tecnol\u00f3gica Metropolitana (UTEM), Chile<\/td>\n<td width=\"101\" align=\"right\" valign=\"top\">3106<\/td>\n<\/tr>\n<tr>\n<td valign=\"top\"><strong>10:30<\/strong><\/td>\n<td width=\"40%\" valign=\"top\">Descentralizando el proceso de ense\u00f1anza-aprendizaje. El uso de Facebook en    el curso Teor\u00eda Pol\u00edtica<\/td>\n<td width=\"472\" valign=\"top\">Ignacio Irazuzta Di chiara<\/td>\n<td width=\"101\" valign=\"top\">Tecnol\u00f3gico de Monterrey, Campus Monterrey<\/td>\n<td width=\"101\" align=\"right\" valign=\"top\">3106<\/td>\n<\/tr>\n<\/tbody>\n<\/table>\n<\/div>\n<div id=\"yellow\" class=\"tab-pane\">\n<h3><strong>Gesti\u00f3n de la Innovaci\u00f3n Educativa<\/strong><\/h3>\n<table class=\"table table-bordered table-hover\" width=\"30%\" cellspacing=\"9\" cellpadding=\"9\">\n<tbody>\n<tr>\n<td align=\"center\" width=\"5%\"><strong>Hora<\/strong><\/td>\n<td width=\"40%\"><strong>T\u00edtulo<\/strong><\/td>\n<td width=\"25%\"><strong>Ponentes<\/strong><\/td>\n<td width=\"25%\"><strong>Instituci\u00f3n<\/strong><\/td>\n<td width=\"10%\"><strong>Sal\u00f3n<\/strong><\/td>\n<\/tr>\n<tr>\n<td width=\"82\" valign=\"top\"><strong>10:00<\/strong><\/td>\n<td width=\"414\" valign=\"top\">Gesti\u00f3n para la    Innovaci\u00f3n Educativa en Educaci\u00f3n Superior y Media Superior: Un estudio    exploratorio en Instituciones de Am\u00e9rica Latina<\/td>\n<td width=\"250\" valign=\"top\">&#8211;    Georgina M\u00e9ndez Castro<\/td>\n<td width=\"277\" valign=\"top\">Tecnol\u00f3gico    de Monterrey Campus Monterrey<\/td>\n<td width=\"123\" valign=\"top\">3202<\/td>\n<\/tr>\n<tr>\n<td valign=\"top\"><strong>10:15<\/strong><\/td>\n<td width=\"414\" valign=\"top\">Programa    de Innovaciones Metodol\u00f3gicas, un espacio de innovaci\u00f3n en las pr\u00e1cticas    pedag\u00f3gicas<\/td>\n<td width=\"250\" valign=\"top\">&#8211; Priscila Eunice Leal Orellana<br \/>\n        &#8211; Ana Mar\u00eda Borrero Pati\u00f1o<\/td>\n<td width=\"277\" valign=\"top\">Universidad del Desarrollo, Chile<\/td>\n<td width=\"123\" valign=\"top\">3202<\/td>\n<\/tr>\n<tr>\n<td valign=\"top\"><strong>10:30<\/strong><\/td>\n<td width=\"414\" valign=\"top\">Innovaci\u00f3n    educativa en Universidad de los Andes: Una apuesta institucional<\/td>\n<td width=\"250\" valign=\"top\">&#8211; Alvaro Hern\u00e1n Galvis Panqueva<br \/>\n        &#8211; Luz Adriana Osorio G\u00f3mez<\/td>\n<td width=\"277\" valign=\"top\">Universidad de los Andes, Colombia<\/td>\n<td width=\"123\" valign=\"top\">3202<\/td>\n<\/tr>\n<tr>\n<td valign=\"top\"><strong>10:00<\/strong><\/td>\n<td width=\"414\" valign=\"top\">Profesor    Vinculado<\/td>\n<td width=\"250\" valign=\"top\">&#8211; Francisco Javier Moctezuma Monta\u00f1o<br \/>\n        &#8211; Mario Cort\u00e9s Garay<\/td>\n<td width=\"277\" valign=\"top\">Tecnol\u00f3gico de Monterrey Campus SLP<\/td>\n<td width=\"123\" valign=\"top\">3203<\/td>\n<\/tr>\n<tr>\n<td valign=\"top\"><strong>10:15<\/strong><\/td>\n<td width=\"414\" valign=\"top\">Proyecto    auto-aut\u00f3nomo modelo de innovaci\u00f3n educativa:descripci\u00f3n de la experiencia de    un profesor inspirador desde una visi\u00f3n te\u00f3rica.<\/td>\n<td width=\"250\" valign=\"top\">&#8211; Ricardo Lorenzo De la Garza Gonz\u00e1lez<br \/>\n        &#8211; Manuel Mart\u00ednez Mart\u00ednez<\/td>\n<td width=\"277\" valign=\"top\">Tecnol\u00f3gico de Monterrey Campus Tampico<\/td>\n<td width=\"123\" valign=\"top\">3203<\/td>\n<\/tr>\n<tr>\n<td valign=\"top\"><strong>10:30<\/strong><\/td>\n<td width=\"414\" valign=\"top\">Profesores    inspiradores: un an\u00e1lisis de regresi\u00f3n log\u00edstica multinomial.<\/td>\n<td width=\"250\" valign=\"top\">&#8211; Magda Alicia Leal Garza<br \/>\n        &#8211; Carlos Jes\u00fas Garc\u00eda Meza<\/td>\n<td width=\"277\" valign=\"top\">Tecnol\u00f3gico de Monterrey Campus Monterrey<\/td>\n<td width=\"123\" valign=\"top\">3203<\/td>\n<\/tr>\n<tr>\n<td valign=\"top\"><strong>10:00<\/strong><\/td>\n<td width=\"414\" valign=\"top\">Hybrid    Course Modeling and Strategic Thinking in Business Education: An Experiment    with EGADE Business School and Boston University<\/td>\n<td width=\"250\" valign=\"top\">&#8211; Rajagopal<\/td>\n<td width=\"277\" valign=\"top\">Tecnol\u00f3gico de Monterrey, EGADE<\/td>\n<td width=\"123\" valign=\"top\">3205<\/td>\n<\/tr>\n<tr>\n<td valign=\"top\"><strong>10:15<\/strong><\/td>\n<td width=\"414\" valign=\"top\">Multiple    Knowledge Courses: innovando el aprendizaje adaptativo<\/td>\n<td width=\"250\" valign=\"top\">&#8211; Brenda Serrano Casasola<br \/>\n        &#8211; Karin Zimmermann Stein<br \/>\n        &#8211; Anel Torres Rodr\u00edguez<\/td>\n<td width=\"277\" valign=\"top\">Tecnol\u00f3gico de Monterrey, Campus Quer\u00e9taro<\/td>\n<td width=\"123\" valign=\"top\">3205<\/td>\n<\/tr>\n<\/tbody>\n<\/table>\n<\/div>\n<div id=\"green\" class=\"tab-pane\">\n<h3><strong>Innovaci\u00f3n Acad\u00e9mica de la Salud<\/strong><\/h3>\n<table class=\"table table-bordered table-hover\" width=\"30%\" cellspacing=\"9\" cellpadding=\"9\">\n<tbody>\n<tr>\n<td align=\"center\" width=\"5%\"><strong>Hora<\/strong><\/td>\n<td width=\"40%\"><strong>T\u00edtulo<\/strong><\/td>\n<td width=\"25%\"><strong>Ponentes<\/strong><\/td>\n<td width=\"25%\"><strong>Instituci\u00f3n<\/strong><\/td>\n<td width=\"10%\"><strong>Sal\u00f3n<\/strong><\/td>\n<\/tr>\n<tr>\n<td valign=\"top\">&nbsp;<\/td>\n<td valign=\"top\">&nbsp;<\/td>\n<td width=\"25%\" valign=\"top\">&nbsp;<\/td>\n<td valign=\"top\">&nbsp;<\/td>\n<td valign=\"top\">&nbsp;<\/td>\n<\/tr>\n<\/tbody>\n<\/table>\n<\/div>\n<\/div>\n<\/div>\n<p><script type=\"text\/javascript\">\/\/ <![CDATA[\njQuery(document).ready(function ($) { $('#tabs').tab(); });\n\/\/ ]]><\/script><\/p>\n<p><!-- container --><\/p>","protected":false},"excerpt":{"rendered":"<p>[vc_row full_width=&#8221;&#8221; section_id=&#8221;&#8221; container=&#8221;1&#8243; parallax_bg=&#8221;0&#8243; stellar_background_ratio=&#8221;0.6&#8243;][vc_column width=&#8221;1\/1&#8243;][vc_column_text]<\/p>\n","protected":false},"author":1,"featured_media":0,"parent":0,"menu_order":0,"comment_status":"closed","ping_status":"closed","template":"fullwidth.php","meta":{"_exactmetrics_skip_tracking":false,"_exactmetrics_sitenote_active":false,"_exactmetrics_sitenote_note":"","_exactmetrics_sitenote_category":0},"yoast_head":"<!-- This site is optimized with the Yoast SEO plugin v21.1 - https:\/\/yoast.com\/wordpress\/plugins\/seo\/ -->\n<title>Sesiones Paralelas 4 - Congreso Internacional de Innovaci\u00f3n Educativa 2023<\/title>\n<meta name=\"robots\" content=\"index, follow, max-snippet:-1, max-image-preview:large, max-video-preview:-1\" \/>\n<link rel=\"canonical\" href=\"https:\/\/ciieanteriores.mx\/2023\/es\/sesiones-paralelas-4\/\" \/>\n<meta property=\"og:locale\" content=\"es_ES\" \/>\n<meta property=\"og:type\" content=\"article\" \/>\n<meta property=\"og:title\" content=\"Sesiones Paralelas 4 - Congreso Internacional de Innovaci\u00f3n Educativa 2023\" \/>\n<meta property=\"og:description\" content=\"[vc_row full_width=&#8221;&#8221; section_id=&#8221;&#8221; container=&#8221;1&#8243; parallax_bg=&#8221;0&#8243; stellar_background_ratio=&#8221;0.6&#8243;][vc_column width=&#8221;1\/1&#8243;][vc_column_text]\" \/>\n<meta property=\"og:url\" content=\"https:\/\/ciieanteriores.mx\/2023\/es\/sesiones-paralelas-4\/\" \/>\n<meta property=\"og:site_name\" content=\"Congreso Internacional de Innovaci\u00f3n Educativa 2023\" \/>\n<meta property=\"article:modified_time\" content=\"2015-12-01T14:30:51+00:00\" \/>\n<meta property=\"og:image\" content=\"https:\/\/ciieanteriores.mx\/2023\/wp-content\/uploads\/2021\/05\/logo-nuevo-sm.png\" \/>\n\t<meta property=\"og:image:width\" content=\"200\" \/>\n\t<meta property=\"og:image:height\" content=\"200\" \/>\n\t<meta property=\"og:image:type\" content=\"image\/png\" \/>\n<meta name=\"twitter:card\" content=\"summary_large_image\" \/>\n<meta name=\"twitter:label1\" content=\"Tiempo de lectura\" \/>\n\t<meta name=\"twitter:data1\" content=\"4 minutos\" \/>\n<script type=\"application\/ld+json\" class=\"yoast-schema-graph\">{\"@context\":\"https:\/\/schema.org\",\"@graph\":[{\"@type\":\"WebPage\",\"@id\":\"https:\/\/ciieanteriores.mx\/2023\/es\/sesiones-paralelas-4\/\",\"url\":\"https:\/\/ciieanteriores.mx\/2023\/es\/sesiones-paralelas-4\/\",\"name\":\"Sesiones Paralelas 4 - Congreso Internacional de Innovaci\u00f3n Educativa 2023\",\"isPartOf\":{\"@id\":\"https:\/\/ciieanteriores.mx\/2023\/es\/#website\"},\"datePublished\":\"2015-11-27T22:35:25+00:00\",\"dateModified\":\"2015-12-01T14:30:51+00:00\",\"breadcrumb\":{\"@id\":\"https:\/\/ciieanteriores.mx\/2023\/es\/sesiones-paralelas-4\/#breadcrumb\"},\"inLanguage\":\"es\",\"potentialAction\":[{\"@type\":\"ReadAction\",\"target\":[\"https:\/\/ciieanteriores.mx\/2023\/es\/sesiones-paralelas-4\/\"]}]},{\"@type\":\"BreadcrumbList\",\"@id\":\"https:\/\/ciieanteriores.mx\/2023\/es\/sesiones-paralelas-4\/#breadcrumb\",\"itemListElement\":[{\"@type\":\"ListItem\",\"position\":1,\"name\":\"Portada\",\"item\":\"https:\/\/ciieanteriores.mx\/2023\/es\/\"},{\"@type\":\"ListItem\",\"position\":2,\"name\":\"Sesiones Paralelas 4\"}]},{\"@type\":\"WebSite\",\"@id\":\"https:\/\/ciieanteriores.mx\/2023\/es\/#website\",\"url\":\"https:\/\/ciieanteriores.mx\/2023\/es\/\",\"name\":\"Congreso Internacional de Innovaci\u00f3n Educativa 2023\",\"description\":\"CIIE 2023\",\"potentialAction\":[{\"@type\":\"SearchAction\",\"target\":{\"@type\":\"EntryPoint\",\"urlTemplate\":\"https:\/\/ciieanteriores.mx\/2023\/es\/?s={search_term_string}\"},\"query-input\":\"required name=search_term_string\"}],\"inLanguage\":\"es\"}]}<\/script>\n<!-- \/ Yoast SEO plugin. -->","yoast_head_json":{"title":"Sesiones Paralelas 4 - Congreso Internacional de Innovaci\u00f3n Educativa 2023","robots":{"index":"index","follow":"follow","max-snippet":"max-snippet:-1","max-image-preview":"max-image-preview:large","max-video-preview":"max-video-preview:-1"},"canonical":"https:\/\/ciieanteriores.mx\/2023\/es\/sesiones-paralelas-4\/","og_locale":"es_ES","og_type":"article","og_title":"Sesiones Paralelas 4 - Congreso Internacional de Innovaci\u00f3n Educativa 2023","og_description":"[vc_row full_width=&#8221;&#8221; section_id=&#8221;&#8221; container=&#8221;1&#8243; parallax_bg=&#8221;0&#8243; stellar_background_ratio=&#8221;0.6&#8243;][vc_column width=&#8221;1\/1&#8243;][vc_column_text]","og_url":"https:\/\/ciieanteriores.mx\/2023\/es\/sesiones-paralelas-4\/","og_site_name":"Congreso Internacional de Innovaci\u00f3n Educativa 2023","article_modified_time":"2015-12-01T14:30:51+00:00","og_image":[{"width":200,"height":200,"url":"https:\/\/ciieanteriores.mx\/2023\/wp-content\/uploads\/2021\/05\/logo-nuevo-sm.png","type":"image\/png"}],"twitter_card":"summary_large_image","twitter_misc":{"Tiempo de lectura":"4 minutos"},"schema":{"@context":"https:\/\/schema.org","@graph":[{"@type":"WebPage","@id":"https:\/\/ciieanteriores.mx\/2023\/es\/sesiones-paralelas-4\/","url":"https:\/\/ciieanteriores.mx\/2023\/es\/sesiones-paralelas-4\/","name":"Sesiones Paralelas 4 - Congreso Internacional de Innovaci\u00f3n Educativa 2023","isPartOf":{"@id":"https:\/\/ciieanteriores.mx\/2023\/es\/#website"},"datePublished":"2015-11-27T22:35:25+00:00","dateModified":"2015-12-01T14:30:51+00:00","breadcrumb":{"@id":"https:\/\/ciieanteriores.mx\/2023\/es\/sesiones-paralelas-4\/#breadcrumb"},"inLanguage":"es","potentialAction":[{"@type":"ReadAction","target":["https:\/\/ciieanteriores.mx\/2023\/es\/sesiones-paralelas-4\/"]}]},{"@type":"BreadcrumbList","@id":"https:\/\/ciieanteriores.mx\/2023\/es\/sesiones-paralelas-4\/#breadcrumb","itemListElement":[{"@type":"ListItem","position":1,"name":"Portada","item":"https:\/\/ciieanteriores.mx\/2023\/es\/"},{"@type":"ListItem","position":2,"name":"Sesiones Paralelas 4"}]},{"@type":"WebSite","@id":"https:\/\/ciieanteriores.mx\/2023\/es\/#website","url":"https:\/\/ciieanteriores.mx\/2023\/es\/","name":"Congreso Internacional de Innovaci\u00f3n Educativa 2023","description":"CIIE 2023","potentialAction":[{"@type":"SearchAction","target":{"@type":"EntryPoint","urlTemplate":"https:\/\/ciieanteriores.mx\/2023\/es\/?s={search_term_string}"},"query-input":"required name=search_term_string"}],"inLanguage":"es"}]}},"_links":{"self":[{"href":"https:\/\/ciieanteriores.mx\/2023\/es\/wp-json\/wp\/v2\/pages\/2893"}],"collection":[{"href":"https:\/\/ciieanteriores.mx\/2023\/es\/wp-json\/wp\/v2\/pages"}],"about":[{"href":"https:\/\/ciieanteriores.mx\/2023\/es\/wp-json\/wp\/v2\/types\/page"}],"author":[{"embeddable":true,"href":"https:\/\/ciieanteriores.mx\/2023\/es\/wp-json\/wp\/v2\/users\/1"}],"replies":[{"embeddable":true,"href":"https:\/\/ciieanteriores.mx\/2023\/es\/wp-json\/wp\/v2\/comments?post=2893"}],"version-history":[{"count":0,"href":"https:\/\/ciieanteriores.mx\/2023\/es\/wp-json\/wp\/v2\/pages\/2893\/revisions"}],"wp:attachment":[{"href":"https:\/\/ciieanteriores.mx\/2023\/es\/wp-json\/wp\/v2\/media?parent=2893"}],"curies":[{"name":"wp","href":"https:\/\/api.w.org\/{rel}","templated":true}]}}