{"id":2084,"date":"2015-08-18T16:51:08","date_gmt":"2015-08-18T16:51:08","guid":{"rendered":"http:\/\/475.649.myftpupload.com\/?page_id=2084"},"modified":"2017-09-19T21:34:44","modified_gmt":"2017-09-19T21:34:44","slug":"innova-2","status":"publish","type":"page","link":"https:\/\/ciieanteriores.mx\/2023\/en\/innova-2\/","title":{"rendered":"(Espa\u00f1ol) Innovat\u00f3n"},"content":{"rendered":"<p>[vc_row full_width=&#8221;&#8221; section_id=&#8221;&#8221; container=&#8221;1&#8243; parallax_bg=&#8221;0&#8243; stellar_background_ratio=&#8221;0.6&#8243;][vc_column width=&#8221;1\/1&#8243; css=&#8221;.vc_custom_1445632949777{background-position: center !important;background-repeat: no-repeat !important;background-size: cover !important;}&#8221;][vc_single_image image=&#8221;2457&#8243; alignment=&#8221;center&#8221; border_color=&#8221;grey&#8221; img_link_large=&#8221;&#8221; img_link_target=&#8221;_self&#8221; img_size=&#8221;1550&#215;270&#8243;][vc_column_text]<!--more--><\/p>\n<p style=\"text-align: center;\"><strong>Register now! Limited availability!<\/strong><\/p>\n<p><a href=\"http:\/\/tiny.cc\/preregistro-innovaton\" target=\"_blank\"><img decoding=\"async\" loading=\"lazy\" class=\"aligncenter wp-image-1529 size-full\" src=\"http:\/\/475.649.myftpupload.com\/wp-content\/uploads\/2015\/07\/Pre_inscripcion.fw_.png\" alt=\"Pre_inscripcion.fw\" width=\"187\" height=\"74\" \/><\/a><\/p>\n<p>Take part in a unique and immersive six-hour experience that offers you the opportunity to get involved in the creative process of generating ideas regarding strategic areas of education. This activity is based on small groups of representatives from educational institutions, companies, governments, NGO\u2019s and entrepreneurs.<\/p>\n<p>After an application process (pre-registration), 100 participants will be selected. They will have the opportunity to take part in the innovation process through a number of creativity exercises and the creation of an innovative education proposal.[\/vc_column_text][\/vc_column][vc_column width=&#8221;1\/1&#8243;][vc_column_text]<br \/>\n[\/vc_column_text][\/vc_column][\/vc_row][vc_row full_width=&#8221;&#8221; section_id=&#8221;&#8221; container=&#8221;1&#8243; parallax_bg=&#8221;0&#8243; stellar_background_ratio=&#8221;0.6&#8243;][vc_column width=&#8221;1\/2&#8243;][vc_column_text]Using <em>User Experience<\/em> (UX) methodology in combination with storytelling, a creative design process is undertaken in order to come up with an innovative proposal that has an impact on education.<\/p>\n<p>The top three proposals that have a potential impact on the topics addressed during the congress in terms of education trends, impact on learning, the transformation of the teaching process and educational management will be chosen.[\/vc_column_text][\/vc_column][vc_column width=&#8221;1\/2&#8243;][vc_video link=&#8221;https:\/\/www.youtube.com\/embed\/nGIMHYOOI2I&#8221;][\/vc_column][\/vc_row][vc_row full_width=&#8221;&#8221; section_id=&#8221;&#8221; container=&#8221;1&#8243; parallax_bg=&#8221;0&#8243; stellar_background_ratio=&#8221;0.6&#8243;][vc_column width=&#8221;1\/1&#8243;][vc_column_text]<\/p>\n<p>First, second and third places will have their project included in the <strong>Tecnol\u00f3gico de Monterrey\u2019s Virtual Business Incubator with a 100%, six-month SCHOLARSHIP.<\/strong> They will be guided by experts who will help them explore their potential for creating a startup.<\/p>\n<p>[\/vc_column_text][vc_column_text css_animation=&#8221;&#8221;]<br \/>\n[\/vc_column_text][\/vc_column][\/vc_row][vc_row full_width=&#8221;&#8221; section_id=&#8221;&#8221; container=&#8221;1&#8243; parallax_bg=&#8221;0&#8243; stellar_background_ratio=&#8221;0.6&#8243;][vc_column width=&#8221;1\/2&#8243;][vc_video link=&#8221;https:\/\/www.youtube.com\/embed\/mTbML4E9HoA&#8221;][\/vc_column][vc_column width=&#8221;1\/2&#8243;][vc_video link=&#8221;http:\/\/www.slideshare.net\/slideshow\/embed_code\/key\/pxi8NYbyjI7fsl&#8221;][\/vc_column][\/vc_row][vc_row full_width=&#8221;&#8221; section_id=&#8221;&#8221; container=&#8221;1&#8243; parallax_bg=&#8221;0&#8243; stellar_background_ratio=&#8221;0.6&#8243;][vc_column width=&#8221;1\/1&#8243;][vc_column_text]<strong>Participant Profile<\/strong><\/p>\n<p>Agents of change who are examples of inspiration and who are willing to collaborate and drive opportunities for innovation.<br \/>\nLeaders who are constantly searching to take part in and promote communities of practice in order to help drive people\u2019s potential.<\/p>\n<p><strong><br \/>\nParticipation Requirements<\/strong><\/p>\n<p>Those interested must be<span class=\"Apple-converted-space\">\u00a0<\/span><strong>registered<\/strong><span class=\"Apple-converted-space\">\u00a0<\/span>for the Congress and must send in their application online. Only those applications which are received within the stipulated timeframe will be considered (from the publication of this notice until<span class=\"Apple-converted-space\">\u00a0<\/span><strong>November 16th<\/strong>). The application form includes a number of short questions which will help us to understand more about the participant and the reasons why they feel they should be selected.<\/p>\n<p><strong><br \/>\nParticipants<\/strong><\/p>\n<p>Up to<span class=\"Apple-converted-space\">\u00a0<\/span><strong>100 participants<\/strong>, who are willing to work as part of a team and who, based on their passion for Education, are interested in transmitting what they have learned to other groups of teachers, students or education professionals, will be selected (confirmation of participation will be sent be<span class=\"Apple-converted-space\">\u00a0<\/span><strong>December 7th<\/strong>).<\/p>\n<p>All participants who, by the end of the session have taken part in all the activities, will be given a certificate of participation.<br \/>\nThere will also be an award for those teams which achieve outstanding results, the ceremony for which will take place on the same day as the event.<\/p>\n<p><strong><br \/>\nImportant Dates:<\/strong><\/p>\n<ul>\n<li><strong>Deadline for Pre-Registration for Innovat\u00f3n:<\/strong><span class=\"Apple-converted-space\">\u00a0<\/span>November 16th.<\/li>\n<li><strong>Deadline for confirmation of participation:<\/strong><span class=\"Apple-converted-space\">\u00a0<\/span>December 7th (the Organizing Committee will contact the 100 participants selected<br \/>\nvia e-mail).<\/li>\n<\/ul>\n<p>[\/vc_column_text][\/vc_column][\/vc_row][vc_row full_width=&#8221;&#8221; section_id=&#8221;&#8221; container=&#8221;1&#8243; parallax_bg=&#8221;0&#8243; stellar_background_ratio=&#8221;0.6&#8243;][vc_column width=&#8221;1\/1&#8243;][vc_column_text]<br \/>\n[\/vc_column_text][\/vc_column][\/vc_row][vc_row full_width=&#8221;&#8221; section_id=&#8221;&#8221; container=&#8221;1&#8243; parallax_bg=&#8221;0&#8243; stellar_background_ratio=&#8221;0.6&#8243;][vc_column width=&#8221;1\/1&#8243;][vc_column_text css_animation=&#8221;&#8221;]<br \/>\n[\/vc_column_text][vc_column_text]<\/p>\n<hr \/>\n<p>&nbsp;<\/p>\n<p><span style=\"font-size: 20px;\"><strong>Innovat\u00f3n 2014: A Day of Education Design Challenges at Innovat\u00f3n<\/strong><\/span><\/p>\n<table border=\"0\" width=\"100%\" cellspacing=\"1\" cellpadding=\"1\">\n<tbody>\n<tr>\n<td><img decoding=\"async\" loading=\"lazy\" class=\"aligncenter wp-image-2400\" src=\"http:\/\/475.649.myftpupload.com\/wp-content\/uploads\/2015\/08\/innovaton1.jpg\" alt=\"innovaton1\" width=\"370\" height=\"246\" srcset=\"https:\/\/ciieanteriores.mx\/2023\/wp-content\/uploads\/2015\/08\/innovaton1.jpg 450w, https:\/\/ciieanteriores.mx\/2023\/wp-content\/uploads\/2015\/08\/innovaton1-300x200.jpg 300w\" sizes=\"(max-width: 370px) 100vw, 370px\" \/><\/td>\n<td><img decoding=\"async\" loading=\"lazy\" class=\"aligncenter wp-image-2401\" src=\"http:\/\/475.649.myftpupload.com\/wp-content\/uploads\/2015\/08\/innovaton2.jpg\" alt=\"innovaton2\" width=\"370\" height=\"246\" srcset=\"https:\/\/ciieanteriores.mx\/2023\/wp-content\/uploads\/2015\/08\/innovaton2.jpg 450w, https:\/\/ciieanteriores.mx\/2023\/wp-content\/uploads\/2015\/08\/innovaton2-300x200.jpg 300w\" sizes=\"(max-width: 370px) 100vw, 370px\" \/><\/td>\n<\/tr>\n<\/tbody>\n<\/table>\n<p>100 teachers took part in <em>Innovat\u00f3n<\/em> during the 1<sup>st<\/sup> International Congress on Educational Innovation, which focused on applying the <em>design thinking<\/em> methodology.<\/p>\n<p>For this activity, the participants were helped during the education design process by Smart Technologies, a leading company in this sector. Each design process began with a specific problem that needed to be solved.<\/p>\n<p>Paulino Bernot, Vice-President for High Schools at the Tecnol\u00f3gico de Monterrey, congratulated the participants on their dedication to innovation. \u201cOur institutional focus lies in creating leaders with entrepreneurial spirt and who are humanistic in their outlook (\u2026) this vision also includes all of our employees and participants from other universities and countries. I have always felt that all universities are good; they all have their attributes, peculiarities and educational philosophy, but what we all have in common is what we have just experienced here.\u201d<\/p>\n<p>The participants were divided into 10 teams, of which three winning teams were selected through peer evaluation. The winners were presented with tools to help them in their work on educational innovation.<\/p>\n<p>\u201cHere is where inspiring teachers are created and will continue to be created. This forum is extremely important; I saw for myself inspiring teachers, the light in their eyes, their enthusiasm, their contributions, their desire, impetus and firm, authentic and genuine conviction to contribute something better and something different; to be competitive is to do something better and something different to the next person, which is a difficult thing to copy,\u201d added Bernot.<\/p>\n<p>These were the winners of <em>Innovat\u00f3n<\/em> 2014:<\/p>\n<ul>\n<li><strong>1st place:<\/strong>\u00a0Team 16<br \/>\nGeorgina Aguilar<br \/>\nMari Trini Flores Castallenda<br \/>\nManuel de Jes\u00fas G\u00f3mez Candiani<br \/>\nMargarita V\u00e1zquez Salazar<br \/>\nRoger Dar\u00edo S\u00e1nchez Mart\u00ednez<br \/>\nVer\u00f3nica Amparo Vera Vel\u00e1zquez<\/li>\n<\/ul>\n<ul>\n<li><strong>2nd place:<\/strong> Team 1<br \/>\nEva Leticia Ortiz Avalos<br \/>\nFlavio Reyes Cortez<br \/>\nLorena Ocampo Gomez de Silva<br \/>\nSergio Sedas Gersey<\/li>\n<\/ul>\n<ul>\n<li><strong>3rd place:<\/strong> Team 4<br \/>\nElia Esther Mendoza Carabeo<br \/>\nGabriela Guadalupe Zarate<br \/>\nGabriela Josefina Pirela S\u00e1nchez<br \/>\nNury Ginnette Bonilla Ugalde<br \/>\nRodrigo Mu\u00f1oz Lezama<\/li>\n<\/ul>\n<p>&nbsp;<\/p>\n<p>Pictures: <strong><a href=\"https:\/\/www.facebook.com\/media\/set\/?set=a.1521303581471725.1073741834.1408474549421296&amp;type=3\" target=\"_blank\">click here<\/a><\/strong>[\/vc_column_text][\/vc_column][\/vc_row][vc_row full_width=&#8221;&#8221; section_id=&#8221;&#8221; container=&#8221;1&#8243; parallax_bg=&#8221;0&#8243; stellar_background_ratio=&#8221;0.6&#8243;][vc_column width=&#8221;1\/1&#8243;][vc_column_text]<br \/>\n[\/vc_column_text][\/vc_column][\/vc_row]<\/p>","protected":false},"excerpt":{"rendered":"<p>Sorry, this entry is only available in European Spanish.<\/p>\n","protected":false},"author":1,"featured_media":0,"parent":0,"menu_order":0,"comment_status":"closed","ping_status":"closed","template":"fullwidth.php","meta":{"_exactmetrics_skip_tracking":false,"_exactmetrics_sitenote_active":false,"_exactmetrics_sitenote_note":"","_exactmetrics_sitenote_category":0},"yoast_head":"<!-- This site is optimized with the Yoast SEO plugin v21.1 - https:\/\/yoast.com\/wordpress\/plugins\/seo\/ -->\n<title>(Espa\u00f1ol) Innovat\u00f3n - Congreso Internacional de Innovaci\u00f3n Educativa 2023<\/title>\n<meta name=\"robots\" content=\"index, follow, max-snippet:-1, max-image-preview:large, max-video-preview:-1\" \/>\n<link rel=\"canonical\" href=\"https:\/\/ciieanteriores.mx\/2023\/es\/innova-2\/\" \/>\n<meta property=\"og:locale\" content=\"en_US\" \/>\n<meta property=\"og:type\" content=\"article\" \/>\n<meta property=\"og:title\" content=\"(Espa\u00f1ol) Innovat\u00f3n - Congreso Internacional de Innovaci\u00f3n Educativa 2023\" \/>\n<meta property=\"og:description\" content=\"Sorry, this entry is only available in European Spanish.\" \/>\n<meta property=\"og:url\" content=\"https:\/\/ciieanteriores.mx\/2023\/es\/innova-2\/\" \/>\n<meta property=\"og:site_name\" content=\"Congreso Internacional de Innovaci\u00f3n Educativa 2023\" \/>\n<meta property=\"article:modified_time\" content=\"2017-09-19T21:34:44+00:00\" \/>\n<meta property=\"og:image\" content=\"http:\/\/475.649.myftpupload.com\/wp-content\/uploads\/2015\/08\/innovaton1.jpg\" \/>\n<meta name=\"twitter:card\" content=\"summary_large_image\" \/>\n<meta name=\"twitter:label1\" content=\"Est. reading time\" \/>\n\t<meta name=\"twitter:data1\" content=\"11 minutes\" \/>\n<script type=\"application\/ld+json\" class=\"yoast-schema-graph\">{\"@context\":\"https:\/\/schema.org\",\"@graph\":[{\"@type\":\"WebPage\",\"@id\":\"https:\/\/ciieanteriores.mx\/2023\/es\/innova-2\/\",\"url\":\"https:\/\/ciieanteriores.mx\/2023\/es\/innova-2\/\",\"name\":\"(Espa\u00f1ol) Innovat\u00f3n - Congreso Internacional de Innovaci\u00f3n Educativa 2023\",\"isPartOf\":{\"@id\":\"https:\/\/ciieanteriores.mx\/2023\/es\/#website\"},\"datePublished\":\"2015-08-18T16:51:08+00:00\",\"dateModified\":\"2017-09-19T21:34:44+00:00\",\"breadcrumb\":{\"@id\":\"https:\/\/ciieanteriores.mx\/2023\/es\/innova-2\/#breadcrumb\"},\"inLanguage\":\"en-US\",\"potentialAction\":[{\"@type\":\"ReadAction\",\"target\":[\"https:\/\/ciieanteriores.mx\/2023\/es\/innova-2\/\"]}]},{\"@type\":\"BreadcrumbList\",\"@id\":\"https:\/\/ciieanteriores.mx\/2023\/es\/innova-2\/#breadcrumb\",\"itemListElement\":[{\"@type\":\"ListItem\",\"position\":1,\"name\":\"Portada\",\"item\":\"https:\/\/ciieanteriores.mx\/2023\/es\/\"},{\"@type\":\"ListItem\",\"position\":2,\"name\":\"Innovat\u00f3n\"}]},{\"@type\":\"WebSite\",\"@id\":\"https:\/\/ciieanteriores.mx\/2023\/es\/#website\",\"url\":\"https:\/\/ciieanteriores.mx\/2023\/es\/\",\"name\":\"Congreso Internacional de Innovaci\u00f3n Educativa 2023\",\"description\":\"CIIE 2023\",\"potentialAction\":[{\"@type\":\"SearchAction\",\"target\":{\"@type\":\"EntryPoint\",\"urlTemplate\":\"https:\/\/ciieanteriores.mx\/2023\/es\/?s={search_term_string}\"},\"query-input\":\"required name=search_term_string\"}],\"inLanguage\":\"en-US\"}]}<\/script>\n<!-- \/ Yoast SEO plugin. -->","yoast_head_json":{"title":"(Espa\u00f1ol) Innovat\u00f3n - Congreso Internacional de Innovaci\u00f3n Educativa 2023","robots":{"index":"index","follow":"follow","max-snippet":"max-snippet:-1","max-image-preview":"max-image-preview:large","max-video-preview":"max-video-preview:-1"},"canonical":"https:\/\/ciieanteriores.mx\/2023\/es\/innova-2\/","og_locale":"en_US","og_type":"article","og_title":"(Espa\u00f1ol) Innovat\u00f3n - Congreso Internacional de Innovaci\u00f3n Educativa 2023","og_description":"Sorry, this entry is only available in European Spanish.","og_url":"https:\/\/ciieanteriores.mx\/2023\/es\/innova-2\/","og_site_name":"Congreso Internacional de Innovaci\u00f3n Educativa 2023","article_modified_time":"2017-09-19T21:34:44+00:00","og_image":[{"url":"http:\/\/475.649.myftpupload.com\/wp-content\/uploads\/2015\/08\/innovaton1.jpg"}],"twitter_card":"summary_large_image","twitter_misc":{"Est. reading time":"11 minutes"},"schema":{"@context":"https:\/\/schema.org","@graph":[{"@type":"WebPage","@id":"https:\/\/ciieanteriores.mx\/2023\/es\/innova-2\/","url":"https:\/\/ciieanteriores.mx\/2023\/es\/innova-2\/","name":"(Espa\u00f1ol) Innovat\u00f3n - Congreso Internacional de Innovaci\u00f3n Educativa 2023","isPartOf":{"@id":"https:\/\/ciieanteriores.mx\/2023\/es\/#website"},"datePublished":"2015-08-18T16:51:08+00:00","dateModified":"2017-09-19T21:34:44+00:00","breadcrumb":{"@id":"https:\/\/ciieanteriores.mx\/2023\/es\/innova-2\/#breadcrumb"},"inLanguage":"en-US","potentialAction":[{"@type":"ReadAction","target":["https:\/\/ciieanteriores.mx\/2023\/es\/innova-2\/"]}]},{"@type":"BreadcrumbList","@id":"https:\/\/ciieanteriores.mx\/2023\/es\/innova-2\/#breadcrumb","itemListElement":[{"@type":"ListItem","position":1,"name":"Portada","item":"https:\/\/ciieanteriores.mx\/2023\/es\/"},{"@type":"ListItem","position":2,"name":"Innovat\u00f3n"}]},{"@type":"WebSite","@id":"https:\/\/ciieanteriores.mx\/2023\/es\/#website","url":"https:\/\/ciieanteriores.mx\/2023\/es\/","name":"Congreso Internacional de Innovaci\u00f3n Educativa 2023","description":"CIIE 2023","potentialAction":[{"@type":"SearchAction","target":{"@type":"EntryPoint","urlTemplate":"https:\/\/ciieanteriores.mx\/2023\/es\/?s={search_term_string}"},"query-input":"required name=search_term_string"}],"inLanguage":"en-US"}]}},"_links":{"self":[{"href":"https:\/\/ciieanteriores.mx\/2023\/en\/wp-json\/wp\/v2\/pages\/2084"}],"collection":[{"href":"https:\/\/ciieanteriores.mx\/2023\/en\/wp-json\/wp\/v2\/pages"}],"about":[{"href":"https:\/\/ciieanteriores.mx\/2023\/en\/wp-json\/wp\/v2\/types\/page"}],"author":[{"embeddable":true,"href":"https:\/\/ciieanteriores.mx\/2023\/en\/wp-json\/wp\/v2\/users\/1"}],"replies":[{"embeddable":true,"href":"https:\/\/ciieanteriores.mx\/2023\/en\/wp-json\/wp\/v2\/comments?post=2084"}],"version-history":[{"count":0,"href":"https:\/\/ciieanteriores.mx\/2023\/en\/wp-json\/wp\/v2\/pages\/2084\/revisions"}],"wp:attachment":[{"href":"https:\/\/ciieanteriores.mx\/2023\/en\/wp-json\/wp\/v2\/media?parent=2084"}],"curies":[{"name":"wp","href":"https:\/\/api.w.org\/{rel}","templated":true}]}}