{"id":5089,"date":"2017-09-14T05:17:49","date_gmt":"2017-09-14T05:17:49","guid":{"rendered":"https:\/\/ciie.itesm.mx\/es\/?page_id=5089"},"modified":"2017-11-23T07:39:13","modified_gmt":"2017-11-23T07:39:13","slug":"registro-y-pago-2","status":"publish","type":"page","link":"https:\/\/ciieanteriores.mx\/2021\/es\/seminario\/","title":{"rendered":"Seminario \u201cReinventing Higher Education: La Universidad del Futuro\u201d"},"content":{"rendered":"<p>[vc_row][vc_column][vc_empty_space][vc_column_text]El seminario \u201cRHE: La Universidad del Futuro\u201d es la versi\u00f3n latinoamericana de la conferencia que el IE desarrolla anualmente desde hace 7 a\u00f1os en Espa\u00f1a y que en esta ocasi\u00f3n se llevara a cabo el pr\u00f3ximo 11 y 12 de diciembre en la Ciudad de Monterrey, en el contexto del 4\u00ba Congreso Internacional de Innovaci\u00f3n Educativa, \u201cDise\u00f1ando el Futuro de la Educaci\u00f3n\u201d del Tec de Monterrey.<\/p>\n<p>En este seminario se abordar\u00e1 el desafiante escenario en que se encuentra hoy la educaci\u00f3n superior, especialmente por el impacto en ella de un mundo cada vez m\u00e1s globalizado y que est\u00e1 viviendo un cambio tecnol\u00f3gico y social de enorme profundidad, la principal pregunta de este seminario es:<\/p>\n<p><b>\u00bfCu\u00e1les son los desaf\u00edos que enfrentamos en la formaci\u00f3n de capital humano para responder a las necesidades de una sociedad cada vez m\u00e1s exigente y din\u00e1mica?<\/b><\/p>\n<p>Esa pregunta la queremos responder desde la perspectiva de la academia, la empresa y la sociedad, es por eso que tendremos 4 paneles:<\/p>\n<div style=\"margin-left: 20px;\">\n<ol>\n<li>\u00bfC\u00f3mo enfrentan las universidades los desaf\u00edos del Siglo 21?<\/li>\n<li>Impact of Global Higher Education<\/li>\n<li>\u00bfQu\u00e9 recursos humanos se requieren en la actualidad?<\/li>\n<li>La universidad en la sociedad de la informaci\u00f3n<\/li>\n<\/ol>\n<\/div>\n<p>[\/vc_column_text][\/vc_column][\/vc_row][vc_row][vc_column][vc_column_text]<strong>Conoce c\u00f3mo naci\u00f3 el Seminario<\/strong>[\/vc_column_text][\/vc_column][\/vc_row][vc_row][vc_column width=&#8221;1\/2&#8243;][vc_video link=&#8221;https:\/\/youtu.be\/euqZXjC3Lag&#8221;][\/vc_column][vc_column width=&#8221;1\/2&#8243;][vc_video link=&#8221;https:\/\/youtu.be\/NCxp9cs7TD8&#8243;][\/vc_column][\/vc_row][vc_row disable_element=&#8221;yes&#8221;][vc_column offset=&#8221;vc_hidden-lg vc_hidden-md vc_hidden-sm vc_hidden-xs&#8221;][vc_empty_space][vc_column_text]<strong>Panel \u00bfC\u00f3mo enfrentan las universidad los desaf\u00edos del Siglo 21?<\/strong>[\/vc_column_text][\/vc_column][\/vc_row][vc_row disable_element=&#8221;yes&#8221;][vc_column offset=&#8221;vc_hidden-lg vc_hidden-md vc_hidden-sm vc_hidden-xs&#8221;]<div class=\"row thumbnails speaker clear \">\n              <div class=\"col-md-2 col-sm-6 col-5 col-lg-offset-1 col-md-offset-1\" data-animation=\"fadeInUp\" data-animation-delay=\"100\"><div class=\"thumbnail no-border no-padding no-radius square text-center\"><div class=\"media\">\n                                      <img src=\"https:\/\/ciieanteriores.mx\/2021\/wp-content\/uploads\/2016\/10\/Salvador-Alva.png\" alt=\"\"><div class=\"caption hovered\">\n                                          <div class=\"caption-wrapper div-table\">\n                                              <div class=\"caption-inner div-cell\">\n                                                  <p class=\"caption-buttons\"><a href=\"https:\/\/ciieanteriores.mx\/2021\/es\/httpciie-mxspeakerdeb-masters\/salvador-alva-s\/\" class=\"btn caption-link\"><i class=\"fa fa-link\"><\/i><\/a><\/p>\n                                              <\/div>\n                                          <\/div>\n                                      <\/div><\/div><div class=\"caption before-media\">\n                          <h3 class=\"caption-title\"><a href=\"https:\/\/ciieanteriores.mx\/2021\/es\/httpciie-mxspeakerdeb-masters\/salvador-alva-s\/\">Salvador Alva<\/a><\/h3><p class=\"caption-category\">Presidente del Tecnol\u00f3gico de Monterrey<\/p>\n                      <\/div>\n                      <div class=\"caption\"><ul class=\"social-line social-wohex list-inline text-center\"><\/ul>\n                      <\/div>\n                  <\/div>\n              <\/div>\n            \n              <div class=\"col-md-2 col-sm-6 col-5 \" data-animation=\"fadeInUp\" data-animation-delay=\"100\"><div class=\"thumbnail no-border no-padding no-radius square text-center\"><div class=\"media\">\n                                      <img src=\"https:\/\/ciieanteriores.mx\/2021\/wp-content\/uploads\/2017\/09\/santiago-iniguez.png\" alt=\"\"><div class=\"caption hovered\">\n                                          <div class=\"caption-wrapper div-table\">\n                                              <div class=\"caption-inner div-cell\">\n                                                  <p class=\"caption-buttons\"><a href=\"https:\/\/ciieanteriores.mx\/2021\/es\/httpciie-mxspeakerdeb-masters\/santiago-iniguez\/\" class=\"btn caption-link\"><i class=\"fa fa-link\"><\/i><\/a><\/p>\n                                              <\/div>\n                                          <\/div>\n                                      <\/div><\/div><div class=\"caption before-media\">\n                          <h3 class=\"caption-title\"><a href=\"https:\/\/ciieanteriores.mx\/2021\/es\/httpciie-mxspeakerdeb-masters\/santiago-iniguez\/\">Santiago I\u00f1iguez<\/a><\/h3><p class=\"caption-category\">Presidente de IE University<\/p>\n                      <\/div>\n                      <div class=\"caption\"><ul class=\"social-line social-wohex list-inline text-center\"><\/ul>\n                      <\/div>\n                  <\/div>\n              <\/div>\n            \n              <div class=\"col-md-2 col-sm-6 col-5 \" data-animation=\"fadeInUp\" data-animation-delay=\"100\"><div class=\"thumbnail no-border no-padding no-radius square text-center\"><div class=\"media\">\n                                      <img src=\"https:\/\/ciieanteriores.mx\/2021\/wp-content\/uploads\/2017\/09\/federico-valdez.png\" alt=\"\"><div class=\"caption hovered\">\n                                          <div class=\"caption-wrapper div-table\">\n                                              <div class=\"caption-inner div-cell\">\n                                                  <p class=\"caption-buttons\"><a href=\"https:\/\/ciieanteriores.mx\/2021\/es\/httpciie-mxspeakerdeb-masters\/federico-valdes\/\" class=\"btn caption-link\"><i class=\"fa fa-link\"><\/i><\/a><\/p>\n                                              <\/div>\n                                          <\/div>\n                                      <\/div><\/div><div class=\"caption before-media\">\n                          <h3 class=\"caption-title\"><a href=\"https:\/\/ciieanteriores.mx\/2021\/es\/httpciie-mxspeakerdeb-masters\/federico-valdes\/\">Federico Vald\u00e9s<\/a><\/h3><p class=\"caption-category\">Rector de la Universidad del Desarrollo<\/p>\n                      <\/div>\n                      <div class=\"caption\"><ul class=\"social-line social-wohex list-inline text-center\"><\/ul>\n                      <\/div>\n                  <\/div>\n              <\/div>\n            \n              <div class=\"col-md-2 col-sm-6 col-5 \" data-animation=\"fadeInUp\" data-animation-delay=\"100\"><div class=\"thumbnail no-border no-padding no-radius square text-center\"><div class=\"media\">\n                                      <img src=\"https:\/\/ciieanteriores.mx\/2021\/wp-content\/uploads\/2017\/10\/Kerry.png\" alt=\"\"><div class=\"caption hovered\">\n                                          <div class=\"caption-wrapper div-table\">\n                                              <div class=\"caption-inner div-cell\">\n                                                  <p class=\"caption-buttons\"><a href=\"https:\/\/ciieanteriores.mx\/2021\/es\/httpciie-mxspeakerdeb-masters\/kerry-healey\/\" class=\"btn caption-link\"><i class=\"fa fa-link\"><\/i><\/a><\/p>\n                                              <\/div>\n                                          <\/div>\n                                      <\/div><\/div><div class=\"caption before-media\">\n                          <h3 class=\"caption-title\"><a href=\"https:\/\/ciieanteriores.mx\/2021\/es\/httpciie-mxspeakerdeb-masters\/kerry-healey\/\">Kerry Healey<\/a><\/h3><p class=\"caption-category\">Presidenta Babson College<\/p>\n                      <\/div>\n                      <div class=\"caption\"><ul class=\"social-line social-wohex list-inline text-center\"><\/ul>\n                      <\/div>\n                  <\/div>\n              <\/div>\n            \n              <div class=\"col-md-2 col-sm-6 col-5 \" data-animation=\"fadeInUp\" data-animation-delay=\"100\"><div class=\"thumbnail no-border no-padding no-radius square text-center\"><div class=\"media\">\n                                      <img src=\"https:\/\/ciieanteriores.mx\/2021\/wp-content\/uploads\/2017\/10\/Pablo-Navas.png\" alt=\"\"><div class=\"caption hovered\">\n                                          <div class=\"caption-wrapper div-table\">\n                                              <div class=\"caption-inner div-cell\">\n                                                  <p class=\"caption-buttons\"><a href=\"https:\/\/ciieanteriores.mx\/2021\/es\/httpciie-mxspeakerdeb-masters\/pablo-navas-2\/\" class=\"btn caption-link\"><i class=\"fa fa-link\"><\/i><\/a><\/p>\n                                              <\/div>\n                                          <\/div>\n                                      <\/div><\/div><div class=\"caption before-media\">\n                          <h3 class=\"caption-title\"><a href=\"https:\/\/ciieanteriores.mx\/2021\/es\/httpciie-mxspeakerdeb-masters\/pablo-navas-2\/\">Pablo Navas<\/a><\/h3><p class=\"caption-category\">Rector de la Universidad de los Andes<\/p>\n                      <\/div>\n                      <div class=\"caption\"><ul class=\"social-line social-wohex list-inline text-center\"><\/ul>\n                      <\/div>\n                  <\/div>\n              <\/div>\n            \n              <div class=\"col-md-2 col-sm-6 col-5 col-lg-offset-1 col-md-offset-1\" data-animation=\"fadeInUp\" data-animation-delay=\"100\"><div class=\"thumbnail no-border no-padding no-radius square text-center\"><div class=\"media\">\n                                      <img src=\"https:\/\/ciieanteriores.mx\/2021\/wp-content\/uploads\/2017\/12\/lm-gonzalez2.png\" alt=\"\"><div class=\"caption hovered\">\n                                          <div class=\"caption-wrapper div-table\">\n                                              <div class=\"caption-inner div-cell\">\n                                                  <p class=\"caption-buttons\"><a href=\"https:\/\/ciieanteriores.mx\/2021\/es\/httpciie-mxspeakerdeb-masters\/luis-miguel-gonzalez\/\" class=\"btn caption-link\"><i class=\"fa fa-link\"><\/i><\/a><\/p>\n                                              <\/div>\n                                          <\/div>\n                                      <\/div><\/div><div class=\"caption before-media\">\n                          <h3 class=\"caption-title\"><a href=\"https:\/\/ciieanteriores.mx\/2021\/es\/httpciie-mxspeakerdeb-masters\/luis-miguel-gonzalez\/\">Luis Miguel Gonzalez<\/a><\/h3><p class=\"caption-category\">Director General Editorial de El Economista<\/p>\n                      <\/div>\n                      <div class=\"caption\"><ul class=\"social-line social-wohex list-inline text-center\"><\/ul>\n                      <\/div>\n                  <\/div>\n              <\/div>\n            <\/div>[\/vc_column][\/vc_row]<\/p>","protected":false},"excerpt":{"rendered":"<p>[vc_row][vc_column][vc_empty_space][vc_column_text]El seminario \u201cRHE: La Universidad del Futuro\u201d es la versi\u00f3n latinoamericana de la conferencia que el IE desarrolla anualmente desde hace 7 a\u00f1os en Espa\u00f1a y que en esta ocasi\u00f3n se llevara a cabo el pr\u00f3ximo 11 y 12 de diciembre en<\/p>\n","protected":false},"author":1,"featured_media":0,"parent":0,"menu_order":0,"comment_status":"closed","ping_status":"closed","template":"fullwidth.php","meta":{"_mi_skip_tracking":false,"_exactmetrics_sitenote_active":false,"_exactmetrics_sitenote_note":"","_exactmetrics_sitenote_category":0},"yoast_head":"<!-- This site is optimized with the Yoast SEO plugin v17.4 - https:\/\/yoast.com\/wordpress\/plugins\/seo\/ -->\n<title>Seminario \u201cReinventing Higher Education: La Universidad del Futuro\u201d - Congreso Internacional de Innovaci\u00f3n Educativa 2021<\/title>\n<meta name=\"robots\" content=\"index, follow, max-snippet:-1, max-image-preview:large, max-video-preview:-1\" \/>\n<link rel=\"canonical\" href=\"https:\/\/ciieanteriores.mx\/2021\/es\/seminario\/\" \/>\n<meta property=\"og:locale\" content=\"es_ES\" \/>\n<meta property=\"og:type\" content=\"article\" \/>\n<meta property=\"og:title\" content=\"Seminario \u201cReinventing Higher Education: La Universidad del Futuro\u201d - Congreso Internacional de Innovaci\u00f3n Educativa 2021\" \/>\n<meta property=\"og:description\" content=\"[vc_row][vc_column][vc_empty_space][vc_column_text]El seminario \u201cRHE: La Universidad del Futuro\u201d es la versi\u00f3n latinoamericana de la conferencia que el IE desarrolla anualmente desde hace 7 a\u00f1os en Espa\u00f1a y que en esta ocasi\u00f3n se llevara a cabo el pr\u00f3ximo 11 y 12 de diciembre en\" \/>\n<meta property=\"og:url\" content=\"https:\/\/ciieanteriores.mx\/2021\/es\/seminario\/\" \/>\n<meta property=\"og:site_name\" content=\"Congreso Internacional de Innovaci\u00f3n Educativa 2021\" \/>\n<meta property=\"article:modified_time\" content=\"2017-11-23T07:39:13+00:00\" \/>\n<meta property=\"og:image\" content=\"https:\/\/ciieanteriores.mx\/2021\/wp-content\/uploads\/2021\/05\/logo-nuevo-sm.png\" \/>\n\t<meta property=\"og:image:width\" content=\"200\" \/>\n\t<meta property=\"og:image:height\" content=\"200\" \/>\n<meta name=\"twitter:card\" content=\"summary_large_image\" \/>\n<meta name=\"twitter:label1\" content=\"Tiempo de lectura\" \/>\n\t<meta name=\"twitter:data1\" content=\"3 minutos\" \/>\n<script type=\"application\/ld+json\" class=\"yoast-schema-graph\">{\"@context\":\"https:\/\/schema.org\",\"@graph\":[{\"@type\":\"WebSite\",\"@id\":\"https:\/\/ciieanteriores.mx\/2021\/es\/#website\",\"url\":\"https:\/\/ciieanteriores.mx\/2021\/es\/\",\"name\":\"Congreso Internacional de Innovaci\\u00f3n Educativa 2021\",\"description\":\"CIIE 2021\",\"potentialAction\":[{\"@type\":\"SearchAction\",\"target\":{\"@type\":\"EntryPoint\",\"urlTemplate\":\"https:\/\/ciieanteriores.mx\/2021\/es\/?s={search_term_string}\"},\"query-input\":\"required name=search_term_string\"}],\"inLanguage\":\"es\"},{\"@type\":\"WebPage\",\"@id\":\"https:\/\/ciieanteriores.mx\/2021\/es\/seminario\/#webpage\",\"url\":\"https:\/\/ciieanteriores.mx\/2021\/es\/seminario\/\",\"name\":\"Seminario \\u201cReinventing Higher Education: La Universidad del Futuro\\u201d - Congreso Internacional de Innovaci\\u00f3n Educativa 2021\",\"isPartOf\":{\"@id\":\"https:\/\/ciieanteriores.mx\/2021\/es\/#website\"},\"datePublished\":\"2017-09-14T05:17:49+00:00\",\"dateModified\":\"2017-11-23T07:39:13+00:00\",\"breadcrumb\":{\"@id\":\"https:\/\/ciieanteriores.mx\/2021\/es\/seminario\/#breadcrumb\"},\"inLanguage\":\"es\",\"potentialAction\":[{\"@type\":\"ReadAction\",\"target\":[\"https:\/\/ciieanteriores.mx\/2021\/es\/seminario\/\"]}]},{\"@type\":\"BreadcrumbList\",\"@id\":\"https:\/\/ciieanteriores.mx\/2021\/es\/seminario\/#breadcrumb\",\"itemListElement\":[{\"@type\":\"ListItem\",\"position\":1,\"name\":\"Portada\",\"item\":\"https:\/\/ciieanteriores.mx\/2021\/es\/\"},{\"@type\":\"ListItem\",\"position\":2,\"name\":\"Seminario \\u201cReinventing Higher Education: La Universidad del Futuro\\u201d\"}]}]}<\/script>\n<!-- \/ Yoast SEO plugin. -->","yoast_head_json":{"title":"Seminario \u201cReinventing Higher Education: La Universidad del Futuro\u201d - Congreso Internacional de Innovaci\u00f3n Educativa 2021","robots":{"index":"index","follow":"follow","max-snippet":"max-snippet:-1","max-image-preview":"max-image-preview:large","max-video-preview":"max-video-preview:-1"},"canonical":"https:\/\/ciieanteriores.mx\/2021\/es\/seminario\/","og_locale":"es_ES","og_type":"article","og_title":"Seminario \u201cReinventing Higher Education: La Universidad del Futuro\u201d - Congreso Internacional de Innovaci\u00f3n Educativa 2021","og_description":"[vc_row][vc_column][vc_empty_space][vc_column_text]El seminario \u201cRHE: La Universidad del Futuro\u201d es la versi\u00f3n latinoamericana de la conferencia que el IE desarrolla anualmente desde hace 7 a\u00f1os en Espa\u00f1a y que en esta ocasi\u00f3n se llevara a cabo el pr\u00f3ximo 11 y 12 de diciembre en","og_url":"https:\/\/ciieanteriores.mx\/2021\/es\/seminario\/","og_site_name":"Congreso Internacional de Innovaci\u00f3n Educativa 2021","article_modified_time":"2017-11-23T07:39:13+00:00","og_image":[{"width":200,"height":200,"url":"https:\/\/ciieanteriores.mx\/2021\/wp-content\/uploads\/2021\/05\/logo-nuevo-sm.png","type":"image\/png"}],"twitter_card":"summary_large_image","twitter_misc":{"Tiempo de lectura":"3 minutos"},"schema":{"@context":"https:\/\/schema.org","@graph":[{"@type":"WebSite","@id":"https:\/\/ciieanteriores.mx\/2021\/es\/#website","url":"https:\/\/ciieanteriores.mx\/2021\/es\/","name":"Congreso Internacional de Innovaci\u00f3n Educativa 2021","description":"CIIE 2021","potentialAction":[{"@type":"SearchAction","target":{"@type":"EntryPoint","urlTemplate":"https:\/\/ciieanteriores.mx\/2021\/es\/?s={search_term_string}"},"query-input":"required name=search_term_string"}],"inLanguage":"es"},{"@type":"WebPage","@id":"https:\/\/ciieanteriores.mx\/2021\/es\/seminario\/#webpage","url":"https:\/\/ciieanteriores.mx\/2021\/es\/seminario\/","name":"Seminario \u201cReinventing Higher Education: La Universidad del Futuro\u201d - Congreso Internacional de Innovaci\u00f3n Educativa 2021","isPartOf":{"@id":"https:\/\/ciieanteriores.mx\/2021\/es\/#website"},"datePublished":"2017-09-14T05:17:49+00:00","dateModified":"2017-11-23T07:39:13+00:00","breadcrumb":{"@id":"https:\/\/ciieanteriores.mx\/2021\/es\/seminario\/#breadcrumb"},"inLanguage":"es","potentialAction":[{"@type":"ReadAction","target":["https:\/\/ciieanteriores.mx\/2021\/es\/seminario\/"]}]},{"@type":"BreadcrumbList","@id":"https:\/\/ciieanteriores.mx\/2021\/es\/seminario\/#breadcrumb","itemListElement":[{"@type":"ListItem","position":1,"name":"Portada","item":"https:\/\/ciieanteriores.mx\/2021\/es\/"},{"@type":"ListItem","position":2,"name":"Seminario \u201cReinventing Higher Education: La Universidad del Futuro\u201d"}]}]}},"_links":{"self":[{"href":"https:\/\/ciieanteriores.mx\/2021\/es\/wp-json\/wp\/v2\/pages\/5089"}],"collection":[{"href":"https:\/\/ciieanteriores.mx\/2021\/es\/wp-json\/wp\/v2\/pages"}],"about":[{"href":"https:\/\/ciieanteriores.mx\/2021\/es\/wp-json\/wp\/v2\/types\/page"}],"author":[{"embeddable":true,"href":"https:\/\/ciieanteriores.mx\/2021\/es\/wp-json\/wp\/v2\/users\/1"}],"replies":[{"embeddable":true,"href":"https:\/\/ciieanteriores.mx\/2021\/es\/wp-json\/wp\/v2\/comments?post=5089"}],"version-history":[{"count":0,"href":"https:\/\/ciieanteriores.mx\/2021\/es\/wp-json\/wp\/v2\/pages\/5089\/revisions"}],"wp:attachment":[{"href":"https:\/\/ciieanteriores.mx\/2021\/es\/wp-json\/wp\/v2\/media?parent=5089"}],"curies":[{"name":"wp","href":"https:\/\/api.w.org\/{rel}","templated":true}]}}