{"id":2084,"date":"2015-08-18T16:51:08","date_gmt":"2015-08-18T16:51:08","guid":{"rendered":"http:\/\/475.649.myftpupload.com\/?page_id=2084"},"modified":"2017-09-19T21:34:44","modified_gmt":"2017-09-19T21:34:44","slug":"innova-2","status":"publish","type":"page","link":"https:\/\/ciieanteriores.mx\/2021\/es\/innova-2\/","title":{"rendered":"Innovat\u00f3n"},"content":{"rendered":"<p>[vc_row][vc_column css=&#8221;.vc_custom_1445632949777{background-position: center !important;background-repeat: no-repeat !important;background-size: cover !important;}&#8221;][vc_column_text]<!--more--><br \/>\n<strong>Horario:<\/strong> Martes 13 de diciembre, 9:00 &#8211; 15:00hrs.<br \/>\n<strong>Lugar:<\/strong> Learning Commons en Biblioteca (<a href=\"https:\/\/ciieanteriores.mx\/2021\/es\/mapa-del-campus\/\" target=\"_blank\">mapa<\/a>)<br \/>\n<strong>\u00a1<a href=\"https:\/\/tiny.cc\/registro-innovaton\" target=\"_blank\">Inscr\u00edbete<\/a>! Cupo limitado <\/strong><\/p>\n<hr \/>\n<p>Participa de una experiencia \u00fanica e inmersiva de 6 horas que te permitir\u00e1 formar parte de un proceso creativo de generaci\u00f3n de ideas sobre temas estrat\u00e9gicos en educaci\u00f3n, esto a partir de una din\u00e1mica de integraci\u00f3n de grupos peque\u00f1os de participantes con distintos perfiles en instituciones educativas, empresas, gobierno, ONGs y emprendedores.<\/p>\n<p>Tras un proceso de convocatoria abierto, se seleccionar\u00e1n 150 participantes que tendr\u00e1n la oportunidad de experimentar un proceso de innovaci\u00f3n.[\/vc_column_text][\/vc_column][vc_column][vc_column_text]<br \/>\n[\/vc_column_text][\/vc_column][\/vc_row][vc_row][vc_column width=&#8221;1\/2&#8243;][vc_column_text]A trav\u00e9s de la metodolog\u00eda de \u201c<strong>Service Blueprint<\/strong>\u201d se llevar\u00e1 a cabo un proceso de dise\u00f1o creativo para integrar una propuesta innovadora con impacto en educaci\u00f3n.<\/p>\n<p>&nbsp;<\/p>\n<p>La metodolog\u00eda permitir\u00e1 mapear las principales interacciones entre los distintos actores que participan en la definici\u00f3n de un servicio y lograr por dise\u00f1o una experiencia memorable.[\/vc_column_text][\/vc_column][vc_column width=&#8221;1\/2&#8243;][vc_video link=&#8221;https:\/\/youtu.be\/BW1BNiPgSDY?list=PLnncon5XHt5oEjI8PeRUCzW_h9hevlYt9&#8243;][\/vc_column][\/vc_row][vc_row][vc_column width=&#8221;1\/2&#8243;][vc_video link=&#8221;https:\/\/youtu.be\/GGK9NTbdijo&#8221;][\/vc_column][vc_column width=&#8221;1\/2&#8243;][vc_column_text]Participa de un proceso innovador de ideaci\u00f3n, conoce<br \/>\n<a href=\"https:\/\/strawbees.com\/\" target=\"_blank\">Strawbees<\/a> una forma creativa y divertida de prototipado r\u00e1pido, una herramienta (\u00bfo un juguete?) para detonar un proceso\u00a0de innovaci\u00f3n y llevar las ideas a su materializaci\u00f3n.[\/vc_column_text][\/vc_column][\/vc_row][vc_row][vc_column][vc_column_text]Se premiar\u00e1n las tres mejores propuestas con potencial de impacto en los temas del congreso en tendencias educativas que est\u00e1n transformando los procesos de ene\u00f1anza-aprendizaje.<\/p>\n<p>[\/vc_column_text][\/vc_column][\/vc_row][vc_row][vc_column][vc_column_text]Adicionalmente, los ganadores del primer lugar tendr\u00e1n la oportunidad de participar en los talleres\u00a0de pre-incubaci\u00f3n\u00a0en la <strong>Incubadora de Empresas del Tecnol\u00f3gico de Monterrey, Campus Monterrey<\/strong> con una BECA del 100%, con acompa\u00f1amiento de expertos tutores<br \/>\nque guiar\u00e1n a los participantes para explorar su potencial para crear una startup.[\/vc_column_text][\/vc_column][\/vc_row][vc_row][vc_column][vc_column_text]La <strong>Incubadora de Empresas del Tecnol\u00f3gico de Monterrey, Campus Monterrey<\/strong> ha sido galardonada como un programa de<br \/>\nincubaci\u00f3n de alto impacto a nivel internacional por <a href=\"https:\/\/ubi-global.com\/research\/ranking\/rankings-2015\" target=\"_blank\">Ranking UBI GLOBAL del 2015<\/a>.[\/vc_column_text][\/vc_column][\/vc_row][vc_row][vc_column width=&#8221;1\/2&#8243;][vc_single_image image=&#8221;4451&#8243; img_size=&#8221;full&#8221; alignment=&#8221;center&#8221;][\/vc_column][vc_column width=&#8221;1\/2&#8243;][vc_single_image image=&#8221;3008&#8243; img_size=&#8221;full&#8221; alignment=&#8221;center&#8221;][\/vc_column][\/vc_row][vc_row][vc_column][vc_column_text]<strong>Perfil de participantes<\/strong><\/p>\n<ul>\n<li>Agentes de cambio que son un ejemplo de inspiraci\u00f3n, dispuestos a colaborar y propiciar oportunidades de innovaci\u00f3n.<\/li>\n<li>L\u00edderes que buscan permanentemente participar y fomentar comunidades de pr\u00e1ctica para ayudar a desarrollar el potencial de las personas.<\/li>\n<\/ul>\n<p>&nbsp;<\/p>\n<p><strong>Requisitos de participaci\u00f3n<\/strong><\/p>\n<p>Las personas interesadas deber\u00e1n estar formalmente <a href=\"https:\/\/ciieanteriores.mx\/2021\/es\/registro\/\" target=\"_blank\">inscritas<\/a> en el Congreso y presentar\u00a0su solicitud por medio del env\u00edo de un formulario electr\u00f3nico. S\u00f3lo se considerar\u00e1n aquellas solicitudes que fueran recibidas dentro del plazo de tiempo establecido (desde la publicaci\u00f3n de esta convocatoria hasta el 28 de noviembre); la solicitud incluye preguntas breves que permitir\u00e1n conocer al participante y presentar sus argumentos para ser seleccionado.<\/p>\n<p>&nbsp;<\/p>\n<p><strong>Participantes<\/strong><\/p>\n<p>Se seleccionar\u00e1n hasta 150 participantes que est\u00e9n dispuestos a trabajar en equipo y que con base en su pasi\u00f3n por la Educaci\u00f3n est\u00e9n interesados en transmitir lo aprendido a otros grupos de educadores, estudiantes o profesionales de la educaci\u00f3n. (Se enviar\u00e1 confirmaci\u00f3n de participaci\u00f3n a m\u00e1s tardar el\u00a05 de diciembre).<\/p>\n<p>Todos los participantes que hayan realizado todas las actividades recibir\u00e1n una constancia. Tambi\u00e9n habr\u00e1 menci\u00f3n de reconocimiento especial para aquellos equipos de trabajo que sobresalgan por sus resultados y se realizar\u00e1 una premiaci\u00f3n el mismo d\u00eda del evento.<\/p>\n<p>&nbsp;<\/p>\n<p><strong>Fechas importantes:<\/strong><\/p>\n<ul>\n<li>Fecha l\u00edmite de pre-inscripci\u00f3n: <strong>5 de diciembre<\/strong><\/li>\n<li>L\u00edmite de confirmaci\u00f3n de participaci\u00f3n:\u00a0<strong>9 de diciembre<\/strong> (El Comit\u00e9 organizador contactar\u00e1 a trav\u00e9s de correo electr\u00f3nico a los participantes seleccionados).<\/li>\n<\/ul>\n<p>[\/vc_column_text][\/vc_column][\/vc_row][vc_row][vc_column][vc_column_text]<br \/>\n[\/vc_column_text][\/vc_column][\/vc_row][vc_row][vc_column][vc_column_text]<br \/>\n[\/vc_column_text][vc_column_text]<\/p>\n<hr \/>\n<p>&nbsp;<\/p>\n<p><span style=\"font-size: 20px;\"><strong>Innovat\u00f3n 2014:\u00a0Jornada de retos de dise\u00f1o educativo en el Innovat\u00f3n<\/strong><\/span><\/p>\n<table border=\"0\" width=\"100%\" cellspacing=\"1\" cellpadding=\"1\">\n<tbody>\n<tr>\n<td><img loading=\"lazy\" class=\"aligncenter wp-image-2400\" src=\"https:\/\/475.649.myftpupload.com\/wp-content\/uploads\/2015\/08\/innovaton1.jpg\" alt=\"innovaton1\" width=\"370\" height=\"246\" srcset=\"https:\/\/ciieanteriores.mx\/2021\/wp-content\/uploads\/2015\/08\/innovaton1.jpg 450w, https:\/\/ciieanteriores.mx\/2021\/wp-content\/uploads\/2015\/08\/innovaton1-300x200.jpg 300w\" sizes=\"(max-width: 370px) 100vw, 370px\" \/><\/td>\n<td><img loading=\"lazy\" class=\"aligncenter wp-image-2401\" src=\"https:\/\/475.649.myftpupload.com\/wp-content\/uploads\/2015\/08\/innovaton2.jpg\" alt=\"innovaton2\" width=\"370\" height=\"246\" srcset=\"https:\/\/ciieanteriores.mx\/2021\/wp-content\/uploads\/2015\/08\/innovaton2.jpg 450w, https:\/\/ciieanteriores.mx\/2021\/wp-content\/uploads\/2015\/08\/innovaton2-300x200.jpg 300w\" sizes=\"(max-width: 370px) 100vw, 370px\" \/><\/td>\n<\/tr>\n<\/tbody>\n<\/table>\n<p class=\"p1\"><span class=\"s1\">Cien profesores participaron en el Innovat\u00f3n, como parte de las actividades del 1er. Congreso Internacional de Innovaci\u00f3n Educativa, el cual consisti\u00f3 en la aplicaci\u00f3n de la metodolog\u00eda de\u00a0design thinking.<\/span><\/p>\n<p class=\"p1\"><span class=\"s1\">Para esta actividad, los profesores fueron apoyados por la empresa Smart Technologies, para trabajar en un proceso de dise\u00f1o educativo. Cada proceso de dise\u00f1o comenz\u00f3 con un problema espec\u00edfico e intencional para ser abordado.<\/span><\/p>\n<p class=\"p1\"><span class=\"s1\">Paulino Bernot, Vicerrector de Preparatoria del Tecnol\u00f3gico de Monterrey, felicit\u00f3 a los profesores participantes por la entrega que<br \/>\ntienen por innovar. \u201cNosotros tenemos como visi\u00f3n institucional, formar l\u00edderes con esp\u00edritu emprendedor y sentido humano (\u2026)<br \/>\nEsta visi\u00f3n se hace extensiva a nuestros colaboradores y amigos participantes de otras universidades, que no son\u00a0del Tec y que<br \/>\ntambi\u00e9n vienen de otros pa\u00edses, yo siempre he estado convencido que todas las universidades son buenas, cada universidad tiene sus<br \/>\natributos, peculiaridades y filosof\u00eda educativa, pero tenemos algo en com\u00fan, que es esto que hemos vivido\u201d.<\/span><\/p>\n<p class=\"p1\"><span class=\"s1\">Los profesores participantes fueron divididos en 10 equipos, de los cuales se seleccionaron, a trav\u00e9s de una evaluaci\u00f3n cruzada, a tres equipos ganadores a los que se les proporcion\u00f3 como premio herramientas para su labor de innovaci\u00f3n educativa.<\/span><\/p>\n<p class=\"p1\"><span class=\"s1\">\u201cAqu\u00ed eman\u00f3 y seguir\u00e1 emanando el profesor inspirador, es important\u00edsimo este espacio, vi profesoras y profesores inspiradores, el brillo de sus ojos, su entusiasmo, sus aportaciones, ese deseo, \u00edmpetu, firme convicci\u00f3n, aut\u00e9ntica y genuina de aportar algo mejor y<br \/>\ndiferente, ser competitivo es hacer algo mejor y diferente que el de enfrente, y dif\u00edcil de copiar\u201d, agreg\u00f3 Bernot.<\/span><\/p>\n<p class=\"p1\"><span class=\"s1\"><br \/>\nEstos fueron los equipos ganadores en el Innovat\u00f3n 2014:<\/span><\/p>\n<ul>\n<li><strong>1er lugar:<\/strong> Equipo 16<br \/>\nGeorgina Aguilar<br \/>\nMari Trini Flores Castallenda<br \/>\nManuel de Jes\u00fas G\u00f3mez Candiani<br \/>\nMargarita V\u00e1zquez Salazar<br \/>\nRoger Dar\u00edo S\u00e1nchez Mart\u00ednez<br \/>\nVer\u00f3nica Amparo Vera Vel\u00e1zquez<\/li>\n<\/ul>\n<ul>\n<li><strong>2do lugar:<\/strong> Equipo 1<br \/>\nEva Leticia Ortiz Avalos<br \/>\nFlavio Reyes Cortez<br \/>\nLorena Ocampo Gomez de Silva<br \/>\nSergio Sedas Gersey<\/li>\n<\/ul>\n<ul>\n<li><strong>3er lugar:<\/strong> Equipo 4<br \/>\nElia Esther Mendoza Carabeo<br \/>\nGabriela Guadalupe Zarate<br \/>\nGabriela Josefina Pirela S\u00e1nchez<br \/>\nNury Ginnette Bonilla Ugalde<br \/>\nRodrigo Mu\u00f1oz Lezama<\/li>\n<\/ul>\n<p>&nbsp;<\/p>\n<p>Galer\u00eda de fotos: <strong><a href=\"https:\/\/www.facebook.com\/media\/set\/?set=a.1521303581471725.1073741834.1408474549421296&amp;type=3\" target=\"_blank\">haz clic aqu\u00ed<\/a><\/strong>.[\/vc_column_text][\/vc_column][\/vc_row][vc_row][vc_column][vc_column_text]<br \/>\n[\/vc_column_text][\/vc_column][\/vc_row]<\/p>","protected":false},"excerpt":{"rendered":"<p>[vc_row][vc_column css=&#8221;.vc_custom_1445632949777{background-position: center !important;background-repeat: no-repeat !important;background-size: cover !important;}&#8221;][vc_column_text]<\/p>\n","protected":false},"author":1,"featured_media":0,"parent":0,"menu_order":0,"comment_status":"closed","ping_status":"closed","template":"fullwidth.php","meta":{"_mi_skip_tracking":false,"_exactmetrics_sitenote_active":false,"_exactmetrics_sitenote_note":"","_exactmetrics_sitenote_category":0},"yoast_head":"<!-- This site is optimized with the Yoast SEO plugin v17.4 - https:\/\/yoast.com\/wordpress\/plugins\/seo\/ -->\n<title>Innovat\u00f3n - Congreso Internacional de Innovaci\u00f3n Educativa 2021<\/title>\n<meta name=\"robots\" content=\"index, follow, max-snippet:-1, max-image-preview:large, max-video-preview:-1\" \/>\n<link rel=\"canonical\" href=\"https:\/\/ciieanteriores.mx\/2021\/es\/innova-2\/\" \/>\n<meta property=\"og:locale\" content=\"es_ES\" \/>\n<meta property=\"og:type\" content=\"article\" \/>\n<meta property=\"og:title\" content=\"Innovat\u00f3n - Congreso Internacional de Innovaci\u00f3n Educativa 2021\" \/>\n<meta property=\"og:description\" content=\"[vc_row][vc_column css=&#8221;.vc_custom_1445632949777{background-position: center !important;background-repeat: no-repeat !important;background-size: cover !important;}&#8221;][vc_column_text]\" \/>\n<meta property=\"og:url\" content=\"https:\/\/ciieanteriores.mx\/2021\/es\/innova-2\/\" \/>\n<meta property=\"og:site_name\" content=\"Congreso Internacional de Innovaci\u00f3n Educativa 2021\" \/>\n<meta property=\"article:modified_time\" content=\"2017-09-19T21:34:44+00:00\" \/>\n<meta property=\"og:image\" content=\"https:\/\/475.649.myftpupload.com\/wp-content\/uploads\/2015\/08\/innovaton1.jpg\" \/>\n<meta name=\"twitter:card\" content=\"summary_large_image\" \/>\n<meta name=\"twitter:label1\" content=\"Tiempo de lectura\" \/>\n\t<meta name=\"twitter:data1\" content=\"11 minutos\" \/>\n<script type=\"application\/ld+json\" class=\"yoast-schema-graph\">{\"@context\":\"https:\/\/schema.org\",\"@graph\":[{\"@type\":\"WebSite\",\"@id\":\"https:\/\/ciieanteriores.mx\/2021\/es\/#website\",\"url\":\"https:\/\/ciieanteriores.mx\/2021\/es\/\",\"name\":\"Congreso Internacional de Innovaci\\u00f3n Educativa 2021\",\"description\":\"CIIE 2021\",\"potentialAction\":[{\"@type\":\"SearchAction\",\"target\":{\"@type\":\"EntryPoint\",\"urlTemplate\":\"https:\/\/ciieanteriores.mx\/2021\/es\/?s={search_term_string}\"},\"query-input\":\"required name=search_term_string\"}],\"inLanguage\":\"es\"},{\"@type\":\"ImageObject\",\"@id\":\"https:\/\/ciieanteriores.mx\/2021\/es\/innova-2\/#primaryimage\",\"inLanguage\":\"es\",\"url\":\"https:\/\/475.649.myftpupload.com\/wp-content\/uploads\/2015\/08\/innovaton1.jpg\",\"contentUrl\":\"https:\/\/475.649.myftpupload.com\/wp-content\/uploads\/2015\/08\/innovaton1.jpg\"},{\"@type\":\"WebPage\",\"@id\":\"https:\/\/ciieanteriores.mx\/2021\/es\/innova-2\/#webpage\",\"url\":\"https:\/\/ciieanteriores.mx\/2021\/es\/innova-2\/\",\"name\":\"Innovat\\u00f3n - Congreso Internacional de Innovaci\\u00f3n Educativa 2021\",\"isPartOf\":{\"@id\":\"https:\/\/ciieanteriores.mx\/2021\/es\/#website\"},\"primaryImageOfPage\":{\"@id\":\"https:\/\/ciieanteriores.mx\/2021\/es\/innova-2\/#primaryimage\"},\"datePublished\":\"2015-08-18T16:51:08+00:00\",\"dateModified\":\"2017-09-19T21:34:44+00:00\",\"breadcrumb\":{\"@id\":\"https:\/\/ciieanteriores.mx\/2021\/es\/innova-2\/#breadcrumb\"},\"inLanguage\":\"es\",\"potentialAction\":[{\"@type\":\"ReadAction\",\"target\":[\"https:\/\/ciieanteriores.mx\/2021\/es\/innova-2\/\"]}]},{\"@type\":\"BreadcrumbList\",\"@id\":\"https:\/\/ciieanteriores.mx\/2021\/es\/innova-2\/#breadcrumb\",\"itemListElement\":[{\"@type\":\"ListItem\",\"position\":1,\"name\":\"Portada\",\"item\":\"https:\/\/ciieanteriores.mx\/2021\/es\/\"},{\"@type\":\"ListItem\",\"position\":2,\"name\":\"Innovat\\u00f3n\"}]}]}<\/script>\n<!-- \/ Yoast SEO plugin. -->","yoast_head_json":{"title":"Innovat\u00f3n - Congreso Internacional de Innovaci\u00f3n Educativa 2021","robots":{"index":"index","follow":"follow","max-snippet":"max-snippet:-1","max-image-preview":"max-image-preview:large","max-video-preview":"max-video-preview:-1"},"canonical":"https:\/\/ciieanteriores.mx\/2021\/es\/innova-2\/","og_locale":"es_ES","og_type":"article","og_title":"Innovat\u00f3n - Congreso Internacional de Innovaci\u00f3n Educativa 2021","og_description":"[vc_row][vc_column css=&#8221;.vc_custom_1445632949777{background-position: center !important;background-repeat: no-repeat !important;background-size: cover !important;}&#8221;][vc_column_text]","og_url":"https:\/\/ciieanteriores.mx\/2021\/es\/innova-2\/","og_site_name":"Congreso Internacional de Innovaci\u00f3n Educativa 2021","article_modified_time":"2017-09-19T21:34:44+00:00","og_image":[{"url":"https:\/\/475.649.myftpupload.com\/wp-content\/uploads\/2015\/08\/innovaton1.jpg"}],"twitter_card":"summary_large_image","twitter_misc":{"Tiempo de lectura":"11 minutos"},"schema":{"@context":"https:\/\/schema.org","@graph":[{"@type":"WebSite","@id":"https:\/\/ciieanteriores.mx\/2021\/es\/#website","url":"https:\/\/ciieanteriores.mx\/2021\/es\/","name":"Congreso Internacional de Innovaci\u00f3n Educativa 2021","description":"CIIE 2021","potentialAction":[{"@type":"SearchAction","target":{"@type":"EntryPoint","urlTemplate":"https:\/\/ciieanteriores.mx\/2021\/es\/?s={search_term_string}"},"query-input":"required name=search_term_string"}],"inLanguage":"es"},{"@type":"ImageObject","@id":"https:\/\/ciieanteriores.mx\/2021\/es\/innova-2\/#primaryimage","inLanguage":"es","url":"https:\/\/475.649.myftpupload.com\/wp-content\/uploads\/2015\/08\/innovaton1.jpg","contentUrl":"https:\/\/475.649.myftpupload.com\/wp-content\/uploads\/2015\/08\/innovaton1.jpg"},{"@type":"WebPage","@id":"https:\/\/ciieanteriores.mx\/2021\/es\/innova-2\/#webpage","url":"https:\/\/ciieanteriores.mx\/2021\/es\/innova-2\/","name":"Innovat\u00f3n - Congreso Internacional de Innovaci\u00f3n Educativa 2021","isPartOf":{"@id":"https:\/\/ciieanteriores.mx\/2021\/es\/#website"},"primaryImageOfPage":{"@id":"https:\/\/ciieanteriores.mx\/2021\/es\/innova-2\/#primaryimage"},"datePublished":"2015-08-18T16:51:08+00:00","dateModified":"2017-09-19T21:34:44+00:00","breadcrumb":{"@id":"https:\/\/ciieanteriores.mx\/2021\/es\/innova-2\/#breadcrumb"},"inLanguage":"es","potentialAction":[{"@type":"ReadAction","target":["https:\/\/ciieanteriores.mx\/2021\/es\/innova-2\/"]}]},{"@type":"BreadcrumbList","@id":"https:\/\/ciieanteriores.mx\/2021\/es\/innova-2\/#breadcrumb","itemListElement":[{"@type":"ListItem","position":1,"name":"Portada","item":"https:\/\/ciieanteriores.mx\/2021\/es\/"},{"@type":"ListItem","position":2,"name":"Innovat\u00f3n"}]}]}},"_links":{"self":[{"href":"https:\/\/ciieanteriores.mx\/2021\/es\/wp-json\/wp\/v2\/pages\/2084"}],"collection":[{"href":"https:\/\/ciieanteriores.mx\/2021\/es\/wp-json\/wp\/v2\/pages"}],"about":[{"href":"https:\/\/ciieanteriores.mx\/2021\/es\/wp-json\/wp\/v2\/types\/page"}],"author":[{"embeddable":true,"href":"https:\/\/ciieanteriores.mx\/2021\/es\/wp-json\/wp\/v2\/users\/1"}],"replies":[{"embeddable":true,"href":"https:\/\/ciieanteriores.mx\/2021\/es\/wp-json\/wp\/v2\/comments?post=2084"}],"version-history":[{"count":0,"href":"https:\/\/ciieanteriores.mx\/2021\/es\/wp-json\/wp\/v2\/pages\/2084\/revisions"}],"wp:attachment":[{"href":"https:\/\/ciieanteriores.mx\/2021\/es\/wp-json\/wp\/v2\/media?parent=2084"}],"curies":[{"name":"wp","href":"https:\/\/api.w.org\/{rel}","templated":true}]}}